{"id":2042,"date":"2020-06-07T16:15:26","date_gmt":"2020-06-07T19:15:26","guid":{"rendered":"https:\/\/kingofdjembe.com\/?page_id=2042"},"modified":"2020-06-07T17:47:06","modified_gmt":"2020-06-07T20:47:06","slug":"production","status":"publish","type":"page","link":"https:\/\/kingofdjembe.com\/pb\/production\/","title":{"rendered":"Produ\u00e7\u00e3o"},"content":{"rendered":"\n<figure class=\"wp-block-image size-full\"><img loading=\"lazy\" decoding=\"async\" width=\"1400\" height=\"738\" src=\"https:\/\/kingofdjembe.com\/wp-content\/uploads\/2020\/05\/IMG_0743-Producers-Andre\u0301-Piruka-and-Billy-Konate-scaled-e1591559973802.jpg\" alt=\"\" class=\"wp-image-1840\" srcset=\"https:\/\/kingofdjembe.com\/wp-content\/uploads\/2020\/05\/IMG_0743-Producers-Andre\u0301-Piruka-and-Billy-Konate-scaled-e1591559973802.jpg 1400w, https:\/\/kingofdjembe.com\/wp-content\/uploads\/2020\/05\/IMG_0743-Producers-Andre\u0301-Piruka-and-Billy-Konate-scaled-e1591559973802-300x158.jpg 300w, https:\/\/kingofdjembe.com\/wp-content\/uploads\/2020\/05\/IMG_0743-Producers-Andre\u0301-Piruka-and-Billy-Konate-scaled-e1591559973802-768x405.jpg 768w, https:\/\/kingofdjembe.com\/wp-content\/uploads\/2020\/05\/IMG_0743-Producers-Andre\u0301-Piruka-and-Billy-Konate-scaled-e1591559973802-1250x659.jpg 1250w, https:\/\/kingofdjembe.com\/wp-content\/uploads\/2020\/05\/IMG_0743-Producers-Andre\u0301-Piruka-and-Billy-Konate-scaled-e1591559973802-400x211.jpg 400w\" sizes=\"auto, (max-width: 1400px) 100vw, 1400px\" \/><\/figure>\n\n\n\n<h1 class=\"has-text-align-center wp-block-heading\">KING OF DJEMBE<\/h1>\n\n\n\n<div class=\"wp-block-columns is-layout-flex wp-container-core-columns-is-layout-9d6595d7 wp-block-columns-is-layout-flex\">\n<div class=\"wp-block-column is-layout-flow wp-block-column-is-layout-flow\">\n<h2 class=\"has-text-align-center wp-block-heading\">Musicians<\/h2>\n\n\n\n<p class=\"has-text-align-center has-medium-font-size\">Famoudou Konate <br>Fode Konate<br>Diarra Konate<br>Billy Konate<br>Sekou Camara<br>Yakha Sylla<br>Satenin Traore<br>Abou Keita<br>Bandjou Keita<br>Dino Chinopoulos<\/p>\n<\/div>\n\n\n\n<div class=\"wp-block-column is-layout-flow wp-block-column-is-layout-flow\">\n<h2 class=\"has-text-align-center wp-block-heading\">Production<\/h2>\n\n\n\n<p class=\"has-text-align-center has-medium-font-size\">Andr\u00e9 &#8220;Piruka&#8221; Ricardo <br>Billy Konate<br><br>Camera, audio, film: <br>Andr\u00e9 &#8220;Piruka&#8221; Ricardo<br><br>Assistant: Alseny Gozo Conte<br>Translation: Andressa Ocker<br><br>H\u00f6r\u00f6y\u00e1    NOISEstudio<\/p>\n<\/div>\n<\/div>\n\n\n\n<h2 class=\"has-text-align-center wp-block-heading\">Special Thanks To<\/h2>\n\n\n\n<p class=\"has-text-align-center has-medium-font-size\">Konate Family<br>Gabriele Schebesch<br>Ralph Kruse<\/p>\n\n\n\n<h2 class=\"has-text-align-center wp-block-heading\">Thanks To Our Supporters<\/h2>\n\n\n\n<div class=\"wp-block-columns is-layout-flex wp-container-core-columns-is-layout-9d6595d7 wp-block-columns-is-layout-flex\">\n<div class=\"wp-block-column is-layout-flow wp-block-column-is-layout-flow\">\n<p style=\"font-size:17px\" class=\"has-text-align-center\">Adriaan Schmidt<br>Alexander Wiedemann<br>Andr\u00e9 Silva<br>Andrea Platzer-Geck<br>Arno Edgar Fluke Beier<br>Brigitte Strasser-Vogel<br>Bernhard Ke\u00dfler<br>Carola Maa\u00df<br>Evelyn Meyer<br>Fred Werner<br>Heinz Haese <\/p>\n<\/div>\n\n\n\n<div class=\"wp-block-column is-layout-flow wp-block-column-is-layout-flow\">\n<p style=\"font-size:17px\" class=\"has-text-align-center\">Herbert Schmidt<br>Jutta Neumann<br>Lilo Mueller<br>Martina Schulz<br>Mathieu Calvo<br>Michaele Mohr<br>Oliver Dippel<br>Peter-Jan De Boer<br>Petra Kellermeier<br>Rainer Arold<br>Ren\u00e9e Kraemer<\/p>\n<\/div>\n\n\n\n<div class=\"wp-block-column is-layout-flow wp-block-column-is-layout-flow\">\n<p style=\"font-size:17px\" class=\"has-text-align-center\">Sabine Elling<br>Siegfried Gwosdz<br>Silvia Liebl<br>Simone Scholz<br>Stephan Klopfer<br>Ulrike Boettcher<br>Ursula Stoi\u00dfer<br>Veronika Mayr<br>Wasungu Munich<br>Wolfgang Stahnke<br>Yela Brodesser<\/p>\n<\/div>\n<\/div>\n\n\n\n<figure class=\"wp-block-image size-full\"><img loading=\"lazy\" decoding=\"async\" width=\"1400\" height=\"735\" src=\"https:\/\/kingofdjembe.com\/wp-content\/uploads\/2020\/06\/Screen-Shot-2020-06-07-at-4.34.41-PM-e1591560039635.png\" alt=\"\" class=\"wp-image-2049\" srcset=\"https:\/\/kingofdjembe.com\/wp-content\/uploads\/2020\/06\/Screen-Shot-2020-06-07-at-4.34.41-PM-e1591560039635.png 1400w, https:\/\/kingofdjembe.com\/wp-content\/uploads\/2020\/06\/Screen-Shot-2020-06-07-at-4.34.41-PM-e1591560039635-300x158.png 300w, https:\/\/kingofdjembe.com\/wp-content\/uploads\/2020\/06\/Screen-Shot-2020-06-07-at-4.34.41-PM-e1591560039635-768x403.png 768w, https:\/\/kingofdjembe.com\/wp-content\/uploads\/2020\/06\/Screen-Shot-2020-06-07-at-4.34.41-PM-e1591560039635-1250x656.png 1250w, https:\/\/kingofdjembe.com\/wp-content\/uploads\/2020\/06\/Screen-Shot-2020-06-07-at-4.34.41-PM-e1591560039635-400x210.png 400w\" sizes=\"auto, (max-width: 1400px) 100vw, 1400px\" \/><\/figure>\n","protected":false},"excerpt":{"rendered":"<p>KING OF DJEMBE Musicians Famoudou Konate Fode KonateDiarra KonateBilly KonateSekou CamaraYakha SyllaSatenin TraoreAbou KeitaBandjou KeitaDino Chinopoulos Production Andr\u00e9 &#8220;Piruka&#8221; Ricardo Billy Konate Camera, audio, film: Andr\u00e9 &#8220;Piruka&#8221; Ricardo Assistant: Alseny &#8230;<\/p>\n","protected":false},"author":366,"featured_media":0,"parent":0,"menu_order":0,"comment_status":"closed","ping_status":"closed","template":"","meta":{"_monsterinsights_skip_tracking":false,"_monsterinsights_sitenote_active":false,"_monsterinsights_sitenote_note":"","_monsterinsights_sitenote_category":0,"footnotes":"","_links_to":"","_links_to_target":""},"class_list":["post-2042","page","type-page","status-publish","hentry"],"yoast_head":"<!-- This site is optimized with the Yoast SEO plugin v27.2 - https:\/\/yoast.com\/product\/yoast-seo-wordpress\/ -->\n<title>Produ\u00e7\u00e3o - King of Djembe<\/title>\n<meta name=\"robots\" content=\"index, follow, max-snippet:-1, max-image-preview:large, max-video-preview:-1\" \/>\n<link rel=\"canonical\" href=\"https:\/\/kingofdjembe.com\/production\/\" \/>\n<meta property=\"og:locale\" content=\"pt_BR\" \/>\n<meta property=\"og:type\" content=\"article\" \/>\n<meta property=\"og:title\" content=\"Produ\u00e7\u00e3o - King of Djembe\" \/>\n<meta property=\"og:description\" content=\"KING OF DJEMBE Musicians Famoudou Konate Fode KonateDiarra KonateBilly KonateSekou CamaraYakha SyllaSatenin TraoreAbou KeitaBandjou KeitaDino Chinopoulos Production Andr\u00e9 &#8220;Piruka&#8221; Ricardo Billy Konate Camera, audio, film: Andr\u00e9 &#8220;Piruka&#8221; Ricardo Assistant: Alseny ...\" \/>\n<meta property=\"og:url\" content=\"https:\/\/kingofdjembe.com\/production\/\" \/>\n<meta property=\"og:site_name\" content=\"King of Djembe\" \/>\n<meta property=\"article:publisher\" content=\"https:\/\/www.facebook.com\/capoeiradarepublica\/\" \/>\n<meta property=\"article:modified_time\" content=\"2020-06-07T20:47:06+00:00\" \/>\n<meta property=\"og:image\" content=\"https:\/\/kingofdjembe.com\/wp-content\/uploads\/2020\/06\/Screen-Shot-2020-06-07-at-4.34.41-PM-e1591560039635.png\" \/>\n<meta name=\"twitter:card\" content=\"summary_large_image\" \/>\n<script type=\"application\/ld+json\" class=\"yoast-schema-graph\">{\"@context\":\"https:\/\/schema.org\",\"@graph\":[{\"@type\":\"WebPage\",\"@id\":\"https:\/\/kingofdjembe.com\/production\/\",\"url\":\"https:\/\/kingofdjembe.com\/production\/\",\"name\":\"Produ\u00e7\u00e3o - King of Djembe\",\"isPartOf\":{\"@id\":\"https:\/\/kingofdjembe.com\/#website\"},\"primaryImageOfPage\":{\"@id\":\"https:\/\/kingofdjembe.com\/production\/#primaryimage\"},\"image\":{\"@id\":\"https:\/\/kingofdjembe.com\/production\/#primaryimage\"},\"thumbnailUrl\":\"https:\/\/kingofdjembe.com\/wp-content\/uploads\/2020\/06\/Screen-Shot-2020-06-07-at-4.34.41-PM-e1591560039635.png\",\"datePublished\":\"2020-06-07T19:15:26+00:00\",\"dateModified\":\"2020-06-07T20:47:06+00:00\",\"breadcrumb\":{\"@id\":\"https:\/\/kingofdjembe.com\/production\/#breadcrumb\"},\"inLanguage\":\"pt-BR\",\"potentialAction\":[{\"@type\":\"ReadAction\",\"target\":[\"https:\/\/kingofdjembe.com\/production\/\"]}]},{\"@type\":\"ImageObject\",\"inLanguage\":\"pt-BR\",\"@id\":\"https:\/\/kingofdjembe.com\/production\/#primaryimage\",\"url\":\"https:\/\/kingofdjembe.com\/wp-content\/uploads\/2020\/06\/Screen-Shot-2020-06-07-at-4.34.41-PM-e1591560039635.png\",\"contentUrl\":\"https:\/\/kingofdjembe.com\/wp-content\/uploads\/2020\/06\/Screen-Shot-2020-06-07-at-4.34.41-PM-e1591560039635.png\"},{\"@type\":\"BreadcrumbList\",\"@id\":\"https:\/\/kingofdjembe.com\/production\/#breadcrumb\",\"itemListElement\":[{\"@type\":\"ListItem\",\"position\":1,\"name\":\"In\u00edcio\",\"item\":\"https:\/\/kingofdjembe.com\/\"},{\"@type\":\"ListItem\",\"position\":2,\"name\":\"Production\"}]},{\"@type\":\"WebSite\",\"@id\":\"https:\/\/kingofdjembe.com\/#website\",\"url\":\"https:\/\/kingofdjembe.com\/\",\"name\":\"King of Djembe\",\"description\":\"\",\"publisher\":{\"@id\":\"https:\/\/kingofdjembe.com\/#organization\"},\"potentialAction\":[{\"@type\":\"SearchAction\",\"target\":{\"@type\":\"EntryPoint\",\"urlTemplate\":\"https:\/\/kingofdjembe.com\/?s={search_term_string}\"},\"query-input\":{\"@type\":\"PropertyValueSpecification\",\"valueRequired\":true,\"valueName\":\"search_term_string\"}}],\"inLanguage\":\"pt-BR\"},{\"@type\":\"Organization\",\"@id\":\"https:\/\/kingofdjembe.com\/#organization\",\"name\":\"CapoeiraViva.net\",\"url\":\"https:\/\/kingofdjembe.com\/\",\"logo\":{\"@type\":\"ImageObject\",\"inLanguage\":\"pt-BR\",\"@id\":\"https:\/\/kingofdjembe.com\/#\/schema\/logo\/image\/\",\"url\":\"\",\"contentUrl\":\"\",\"caption\":\"CapoeiraViva.net\"},\"image\":{\"@id\":\"https:\/\/kingofdjembe.com\/#\/schema\/logo\/image\/\"},\"sameAs\":[\"https:\/\/www.facebook.com\/capoeiradarepublica\/\",\"https:\/\/www.instagram.com\/capoeiraviva\/\",\"https:\/\/www.youtube.com\/channel\/UCmltguCAFi1opI8iqfMF7ug\/feed\"]}]}<\/script>\n<!-- \/ Yoast SEO plugin. -->","yoast_head_json":{"title":"Produ\u00e7\u00e3o - King of Djembe","robots":{"index":"index","follow":"follow","max-snippet":"max-snippet:-1","max-image-preview":"max-image-preview:large","max-video-preview":"max-video-preview:-1"},"canonical":"https:\/\/kingofdjembe.com\/production\/","og_locale":"pt_BR","og_type":"article","og_title":"Produ\u00e7\u00e3o - King of Djembe","og_description":"KING OF DJEMBE Musicians Famoudou Konate Fode KonateDiarra KonateBilly KonateSekou CamaraYakha SyllaSatenin TraoreAbou KeitaBandjou KeitaDino Chinopoulos Production Andr\u00e9 &#8220;Piruka&#8221; Ricardo Billy Konate Camera, audio, film: Andr\u00e9 &#8220;Piruka&#8221; Ricardo Assistant: Alseny ...","og_url":"https:\/\/kingofdjembe.com\/production\/","og_site_name":"King of Djembe","article_publisher":"https:\/\/www.facebook.com\/capoeiradarepublica\/","article_modified_time":"2020-06-07T20:47:06+00:00","og_image":[{"url":"https:\/\/kingofdjembe.com\/wp-content\/uploads\/2020\/06\/Screen-Shot-2020-06-07-at-4.34.41-PM-e1591560039635.png","type":"","width":"","height":""}],"twitter_card":"summary_large_image","schema":{"@context":"https:\/\/schema.org","@graph":[{"@type":"WebPage","@id":"https:\/\/kingofdjembe.com\/production\/","url":"https:\/\/kingofdjembe.com\/production\/","name":"Produ\u00e7\u00e3o - King of Djembe","isPartOf":{"@id":"https:\/\/kingofdjembe.com\/#website"},"primaryImageOfPage":{"@id":"https:\/\/kingofdjembe.com\/production\/#primaryimage"},"image":{"@id":"https:\/\/kingofdjembe.com\/production\/#primaryimage"},"thumbnailUrl":"https:\/\/kingofdjembe.com\/wp-content\/uploads\/2020\/06\/Screen-Shot-2020-06-07-at-4.34.41-PM-e1591560039635.png","datePublished":"2020-06-07T19:15:26+00:00","dateModified":"2020-06-07T20:47:06+00:00","breadcrumb":{"@id":"https:\/\/kingofdjembe.com\/production\/#breadcrumb"},"inLanguage":"pt-BR","potentialAction":[{"@type":"ReadAction","target":["https:\/\/kingofdjembe.com\/production\/"]}]},{"@type":"ImageObject","inLanguage":"pt-BR","@id":"https:\/\/kingofdjembe.com\/production\/#primaryimage","url":"https:\/\/kingofdjembe.com\/wp-content\/uploads\/2020\/06\/Screen-Shot-2020-06-07-at-4.34.41-PM-e1591560039635.png","contentUrl":"https:\/\/kingofdjembe.com\/wp-content\/uploads\/2020\/06\/Screen-Shot-2020-06-07-at-4.34.41-PM-e1591560039635.png"},{"@type":"BreadcrumbList","@id":"https:\/\/kingofdjembe.com\/production\/#breadcrumb","itemListElement":[{"@type":"ListItem","position":1,"name":"In\u00edcio","item":"https:\/\/kingofdjembe.com\/"},{"@type":"ListItem","position":2,"name":"Production"}]},{"@type":"WebSite","@id":"https:\/\/kingofdjembe.com\/#website","url":"https:\/\/kingofdjembe.com\/","name":"King of Djembe","description":"","publisher":{"@id":"https:\/\/kingofdjembe.com\/#organization"},"potentialAction":[{"@type":"SearchAction","target":{"@type":"EntryPoint","urlTemplate":"https:\/\/kingofdjembe.com\/?s={search_term_string}"},"query-input":{"@type":"PropertyValueSpecification","valueRequired":true,"valueName":"search_term_string"}}],"inLanguage":"pt-BR"},{"@type":"Organization","@id":"https:\/\/kingofdjembe.com\/#organization","name":"CapoeiraViva.net","url":"https:\/\/kingofdjembe.com\/","logo":{"@type":"ImageObject","inLanguage":"pt-BR","@id":"https:\/\/kingofdjembe.com\/#\/schema\/logo\/image\/","url":"","contentUrl":"","caption":"CapoeiraViva.net"},"image":{"@id":"https:\/\/kingofdjembe.com\/#\/schema\/logo\/image\/"},"sameAs":["https:\/\/www.facebook.com\/capoeiradarepublica\/","https:\/\/www.instagram.com\/capoeiraviva\/","https:\/\/www.youtube.com\/channel\/UCmltguCAFi1opI8iqfMF7ug\/feed"]}]}},"_links":{"self":[{"href":"https:\/\/kingofdjembe.com\/pb\/wp-json\/wp\/v2\/pages\/2042","targetHints":{"allow":["GET"]}}],"collection":[{"href":"https:\/\/kingofdjembe.com\/pb\/wp-json\/wp\/v2\/pages"}],"about":[{"href":"https:\/\/kingofdjembe.com\/pb\/wp-json\/wp\/v2\/types\/page"}],"author":[{"embeddable":true,"href":"https:\/\/kingofdjembe.com\/pb\/wp-json\/wp\/v2\/users\/366"}],"replies":[{"embeddable":true,"href":"https:\/\/kingofdjembe.com\/pb\/wp-json\/wp\/v2\/comments?post=2042"}],"version-history":[{"count":20,"href":"https:\/\/kingofdjembe.com\/pb\/wp-json\/wp\/v2\/pages\/2042\/revisions"}],"predecessor-version":[{"id":2069,"href":"https:\/\/kingofdjembe.com\/pb\/wp-json\/wp\/v2\/pages\/2042\/revisions\/2069"}],"wp:attachment":[{"href":"https:\/\/kingofdjembe.com\/pb\/wp-json\/wp\/v2\/media?parent=2042"}],"curies":[{"name":"wp","href":"https:\/\/api.w.org\/{rel}","templated":true}]}}