{"id":495,"date":"2018-07-06T11:48:47","date_gmt":"2018-07-06T14:48:47","guid":{"rendered":"http:\/\/capoeiraviva.lucaslima.blog.br\/?page_id=495"},"modified":"2020-06-12T18:58:20","modified_gmt":"2020-06-12T21:58:20","slug":"signup","status":"publish","type":"page","link":"https:\/\/kingofdjembe.com\/pb\/signup\/","title":{"rendered":"Assinar"},"content":{"rendered":"<h3 class=\"rcp_header\">\n\t\tCadastre-se e tenha acesso ao conte\u00fado\t<\/h3>\n\n<form id=\"rcp_registration_form\" class=\"rcp_form\" method=\"POST\" action=\"https:\/\/kingofdjembe.com\/pb\/wp-json\/wp\/v2\/pages\/495\/\">\n\n\t<div class=\"rcp_description\"><p>Acesso a todo o conte\u00fado sem restri\u00e7\u00e3o de tempo<\/p>\n<\/div>\n\n\t\n\t<div class=\"rcp_login_link\">\n\t\t<p><a href=\"https:\/\/kingofdjembe.com\/pb\/login\/?redirect=https:\/\/kingofdjembe.com\/pb\/wp-json\/wp\/v2\/pages\/495\/\">Log in<\/a> to renew or change an existing subscription.<\/p>\n\t<\/div>\n\n\t\n\t<fieldset class=\"rcp_user_fieldset\">\n\t\t<p id=\"rcp_user_login_wrap\">\n\t\t\t<label for=\"rcp_user_login\">Username<\/label>\n\t\t\t<input name=\"rcp_user_login\" id=\"rcp_user_login\" class=\"required\" type=\"text\" \/>\n\t\t<\/p>\n\t\t<p id=\"rcp_user_email_wrap\">\n\t\t\t<label for=\"rcp_user_email\">Email<\/label>\n\t\t\t<input name=\"rcp_user_email\" id=\"rcp_user_email\" class=\"required\" type=\"text\" \/>\n\t\t<\/p>\n\t\t<p id=\"rcp_user_first_wrap\">\n\t\t\t<label for=\"rcp_user_first\">First Name<\/label>\n\t\t\t<input name=\"rcp_user_first\" id=\"rcp_user_first\" type=\"text\" \/>\n\t\t<\/p>\n\t\t<p id=\"rcp_user_last_wrap\">\n\t\t\t<label for=\"rcp_user_last\">Last Name<\/label>\n\t\t\t<input name=\"rcp_user_last\" id=\"rcp_user_last\" type=\"text\" \/>\n\t\t<\/p>\n\t\t<p id=\"rcp_password_wrap\">\n\t\t\t<label for=\"rcp_password\">Password<\/label>\n\t\t\t<input name=\"rcp_user_pass\" id=\"rcp_password\" class=\"required\" type=\"password\"\/>\n\t\t<\/p>\n\t\t<p id=\"rcp_password_again_wrap\">\n\t\t\t<label for=\"rcp_password_again\">Password Again<\/label>\n\t\t\t<input name=\"rcp_user_pass_confirm\" id=\"rcp_password_again\" class=\"required\" type=\"password\"\/>\n\t\t<\/p>\n\n\t\t\n\t<\/fieldset>\n\t\n\t\t<fieldset class=\"rcp_discounts_fieldset\">\n\t\t<p id=\"rcp_discount_code_wrap\">\n\t\t\t<label for=\"rcp_discount_code\">\n\t\t\t\tDiscount Code\t\t\t\t<span class=\"rcp_discount_valid\" style=\"display: none;\"> - Valid<\/span>\n\t\t\t\t<span class=\"rcp_discount_invalid\" style=\"display: none;\"> - Invalid<\/span>\n\t\t\t<\/label>\n\t\t\t<span class=\"rcp_discount_code_field_wrap\">\n\t\t\t\t<input type=\"text\" id=\"rcp_discount_code\" name=\"rcp_discount\" class=\"rcp_discount_code\" value=\"\"\/>\n\t\t\t\t<button class=\"rcp_button\" id=\"rcp_apply_discount\">Apply<\/button>\n\t\t\t<\/span>\n\t\t<\/p>\n\t<\/fieldset>\n\t\n\t\t<div class=\"rcp_registration_total\"><\/div>\n\n\t\n\t\t<div class=\"rcp_gateway_fields\">\n\t\t\t\t\t\t\t\t\t\t\t\t<input type=\"hidden\" name=\"rcp_gateway\" value=\"paypal\" data-supports-recurring=\"yes\" data-supports-trial=\"yes\"\/>\n\t\t\t\t\t\t\t\t\t<\/div>\n\n\t\n\t\t\t<div id=\"rcp_recaptcha\" data-callback=\"rcp_validate_recaptcha\" class=\"g-recaptcha\" data-sitekey=\"6Lfirf4UAAAAADDZIxDA8-bQ99ydQWYfzKY2kQUm\"><\/div>\n\t\t<input type=\"hidden\" name=\"g-recaptcha-remoteip\" value=216.73.217.50 \/><br\/>\n\t\n\t<p id=\"rcp_submit_wrap\">\n\t\t<input type=\"hidden\" name=\"rcp_level\" class=\"rcp_level\" value=\"10\" rel=\"60\"  \/>\n\t\t<input type=\"hidden\" name=\"rcp_register_nonce\" value=\"c4ed5e6609\"\/>\n\t\t<input type=\"submit\" name=\"rcp_submit_registration\" id=\"rcp_submit\" value=\"Cadastre-se\"\/>\n\t<\/p>\n<\/form>","protected":false},"excerpt":{"rendered":"<p>Desculpe-nos, mas este texto est\u00e1 apenas dispon\u00edvel em English.<\/p>\n","protected":false},"author":1,"featured_media":1842,"parent":0,"menu_order":0,"comment_status":"closed","ping_status":"closed","template":"","meta":{"_monsterinsights_skip_tracking":false,"_monsterinsights_sitenote_active":false,"_monsterinsights_sitenote_note":"","_monsterinsights_sitenote_category":0,"footnotes":"","_links_to":"","_links_to_target":""},"class_list":["post-495","page","type-page","status-publish","has-post-thumbnail","hentry"],"yoast_head":"<!-- This site is optimized with the Yoast SEO plugin v27.2 - https:\/\/yoast.com\/product\/yoast-seo-wordpress\/ -->\n<title>Assinar - King of Djembe<\/title>\n<meta name=\"robots\" content=\"index, follow, max-snippet:-1, max-image-preview:large, max-video-preview:-1\" \/>\n<link rel=\"canonical\" href=\"https:\/\/kingofdjembe.com\/signup\/\" \/>\n<meta property=\"og:locale\" content=\"pt_BR\" \/>\n<meta property=\"og:type\" content=\"article\" \/>\n<meta property=\"og:title\" content=\"Assinar - King of Djembe\" \/>\n<meta property=\"og:description\" content=\"Desculpe-nos, mas este texto est\u00e1 apenas dispon\u00edvel em English.\" \/>\n<meta property=\"og:url\" content=\"https:\/\/kingofdjembe.com\/signup\/\" \/>\n<meta property=\"og:site_name\" content=\"King of Djembe\" \/>\n<meta property=\"article:publisher\" content=\"https:\/\/www.facebook.com\/capoeiradarepublica\/\" \/>\n<meta property=\"article:modified_time\" content=\"2020-06-12T21:58:20+00:00\" \/>\n<meta property=\"og:image\" content=\"https:\/\/kingofdjembe.com\/wp-content\/uploads\/2020\/05\/IMG_0953-Konate-Family-2-scaled.jpg\" \/>\n\t<meta property=\"og:image:width\" content=\"2560\" \/>\n\t<meta property=\"og:image:height\" content=\"1707\" \/>\n\t<meta property=\"og:image:type\" content=\"image\/jpeg\" \/>\n<meta name=\"twitter:card\" content=\"summary_large_image\" \/>\n<script type=\"application\/ld+json\" class=\"yoast-schema-graph\">{\"@context\":\"https:\/\/schema.org\",\"@graph\":[{\"@type\":\"WebPage\",\"@id\":\"https:\/\/kingofdjembe.com\/signup\/\",\"url\":\"https:\/\/kingofdjembe.com\/signup\/\",\"name\":\"Assinar - King of Djembe\",\"isPartOf\":{\"@id\":\"https:\/\/kingofdjembe.com\/#website\"},\"primaryImageOfPage\":{\"@id\":\"https:\/\/kingofdjembe.com\/signup\/#primaryimage\"},\"image\":{\"@id\":\"https:\/\/kingofdjembe.com\/signup\/#primaryimage\"},\"thumbnailUrl\":\"https:\/\/kingofdjembe.com\/wp-content\/uploads\/2020\/05\/IMG_0953-Konate-Family-2-scaled.jpg\",\"datePublished\":\"2018-07-06T14:48:47+00:00\",\"dateModified\":\"2020-06-12T21:58:20+00:00\",\"breadcrumb\":{\"@id\":\"https:\/\/kingofdjembe.com\/signup\/#breadcrumb\"},\"inLanguage\":\"pt-BR\",\"potentialAction\":[{\"@type\":\"ReadAction\",\"target\":[\"https:\/\/kingofdjembe.com\/signup\/\"]}]},{\"@type\":\"ImageObject\",\"inLanguage\":\"pt-BR\",\"@id\":\"https:\/\/kingofdjembe.com\/signup\/#primaryimage\",\"url\":\"https:\/\/kingofdjembe.com\/wp-content\/uploads\/2020\/05\/IMG_0953-Konate-Family-2-scaled.jpg\",\"contentUrl\":\"https:\/\/kingofdjembe.com\/wp-content\/uploads\/2020\/05\/IMG_0953-Konate-Family-2-scaled.jpg\",\"width\":2560,\"height\":1707},{\"@type\":\"BreadcrumbList\",\"@id\":\"https:\/\/kingofdjembe.com\/signup\/#breadcrumb\",\"itemListElement\":[{\"@type\":\"ListItem\",\"position\":1,\"name\":\"In\u00edcio\",\"item\":\"https:\/\/kingofdjembe.com\/\"},{\"@type\":\"ListItem\",\"position\":2,\"name\":\"Sign UP\"}]},{\"@type\":\"WebSite\",\"@id\":\"https:\/\/kingofdjembe.com\/#website\",\"url\":\"https:\/\/kingofdjembe.com\/\",\"name\":\"King of Djembe\",\"description\":\"\",\"publisher\":{\"@id\":\"https:\/\/kingofdjembe.com\/#organization\"},\"potentialAction\":[{\"@type\":\"SearchAction\",\"target\":{\"@type\":\"EntryPoint\",\"urlTemplate\":\"https:\/\/kingofdjembe.com\/?s={search_term_string}\"},\"query-input\":{\"@type\":\"PropertyValueSpecification\",\"valueRequired\":true,\"valueName\":\"search_term_string\"}}],\"inLanguage\":\"pt-BR\"},{\"@type\":\"Organization\",\"@id\":\"https:\/\/kingofdjembe.com\/#organization\",\"name\":\"CapoeiraViva.net\",\"url\":\"https:\/\/kingofdjembe.com\/\",\"logo\":{\"@type\":\"ImageObject\",\"inLanguage\":\"pt-BR\",\"@id\":\"https:\/\/kingofdjembe.com\/#\/schema\/logo\/image\/\",\"url\":\"\",\"contentUrl\":\"\",\"caption\":\"CapoeiraViva.net\"},\"image\":{\"@id\":\"https:\/\/kingofdjembe.com\/#\/schema\/logo\/image\/\"},\"sameAs\":[\"https:\/\/www.facebook.com\/capoeiradarepublica\/\",\"https:\/\/www.instagram.com\/capoeiraviva\/\",\"https:\/\/www.youtube.com\/channel\/UCmltguCAFi1opI8iqfMF7ug\/feed\"]}]}<\/script>\n<!-- \/ Yoast SEO plugin. -->","yoast_head_json":{"title":"Assinar - King of Djembe","robots":{"index":"index","follow":"follow","max-snippet":"max-snippet:-1","max-image-preview":"max-image-preview:large","max-video-preview":"max-video-preview:-1"},"canonical":"https:\/\/kingofdjembe.com\/signup\/","og_locale":"pt_BR","og_type":"article","og_title":"Assinar - King of Djembe","og_description":"Desculpe-nos, mas este texto est\u00e1 apenas dispon\u00edvel em English.","og_url":"https:\/\/kingofdjembe.com\/signup\/","og_site_name":"King of Djembe","article_publisher":"https:\/\/www.facebook.com\/capoeiradarepublica\/","article_modified_time":"2020-06-12T21:58:20+00:00","og_image":[{"width":2560,"height":1707,"url":"https:\/\/kingofdjembe.com\/wp-content\/uploads\/2020\/05\/IMG_0953-Konate-Family-2-scaled.jpg","type":"image\/jpeg"}],"twitter_card":"summary_large_image","schema":{"@context":"https:\/\/schema.org","@graph":[{"@type":"WebPage","@id":"https:\/\/kingofdjembe.com\/signup\/","url":"https:\/\/kingofdjembe.com\/signup\/","name":"Assinar - King of Djembe","isPartOf":{"@id":"https:\/\/kingofdjembe.com\/#website"},"primaryImageOfPage":{"@id":"https:\/\/kingofdjembe.com\/signup\/#primaryimage"},"image":{"@id":"https:\/\/kingofdjembe.com\/signup\/#primaryimage"},"thumbnailUrl":"https:\/\/kingofdjembe.com\/wp-content\/uploads\/2020\/05\/IMG_0953-Konate-Family-2-scaled.jpg","datePublished":"2018-07-06T14:48:47+00:00","dateModified":"2020-06-12T21:58:20+00:00","breadcrumb":{"@id":"https:\/\/kingofdjembe.com\/signup\/#breadcrumb"},"inLanguage":"pt-BR","potentialAction":[{"@type":"ReadAction","target":["https:\/\/kingofdjembe.com\/signup\/"]}]},{"@type":"ImageObject","inLanguage":"pt-BR","@id":"https:\/\/kingofdjembe.com\/signup\/#primaryimage","url":"https:\/\/kingofdjembe.com\/wp-content\/uploads\/2020\/05\/IMG_0953-Konate-Family-2-scaled.jpg","contentUrl":"https:\/\/kingofdjembe.com\/wp-content\/uploads\/2020\/05\/IMG_0953-Konate-Family-2-scaled.jpg","width":2560,"height":1707},{"@type":"BreadcrumbList","@id":"https:\/\/kingofdjembe.com\/signup\/#breadcrumb","itemListElement":[{"@type":"ListItem","position":1,"name":"In\u00edcio","item":"https:\/\/kingofdjembe.com\/"},{"@type":"ListItem","position":2,"name":"Sign UP"}]},{"@type":"WebSite","@id":"https:\/\/kingofdjembe.com\/#website","url":"https:\/\/kingofdjembe.com\/","name":"King of Djembe","description":"","publisher":{"@id":"https:\/\/kingofdjembe.com\/#organization"},"potentialAction":[{"@type":"SearchAction","target":{"@type":"EntryPoint","urlTemplate":"https:\/\/kingofdjembe.com\/?s={search_term_string}"},"query-input":{"@type":"PropertyValueSpecification","valueRequired":true,"valueName":"search_term_string"}}],"inLanguage":"pt-BR"},{"@type":"Organization","@id":"https:\/\/kingofdjembe.com\/#organization","name":"CapoeiraViva.net","url":"https:\/\/kingofdjembe.com\/","logo":{"@type":"ImageObject","inLanguage":"pt-BR","@id":"https:\/\/kingofdjembe.com\/#\/schema\/logo\/image\/","url":"","contentUrl":"","caption":"CapoeiraViva.net"},"image":{"@id":"https:\/\/kingofdjembe.com\/#\/schema\/logo\/image\/"},"sameAs":["https:\/\/www.facebook.com\/capoeiradarepublica\/","https:\/\/www.instagram.com\/capoeiraviva\/","https:\/\/www.youtube.com\/channel\/UCmltguCAFi1opI8iqfMF7ug\/feed"]}]}},"_links":{"self":[{"href":"https:\/\/kingofdjembe.com\/pb\/wp-json\/wp\/v2\/pages\/495","targetHints":{"allow":["GET"]}}],"collection":[{"href":"https:\/\/kingofdjembe.com\/pb\/wp-json\/wp\/v2\/pages"}],"about":[{"href":"https:\/\/kingofdjembe.com\/pb\/wp-json\/wp\/v2\/types\/page"}],"author":[{"embeddable":true,"href":"https:\/\/kingofdjembe.com\/pb\/wp-json\/wp\/v2\/users\/1"}],"replies":[{"embeddable":true,"href":"https:\/\/kingofdjembe.com\/pb\/wp-json\/wp\/v2\/comments?post=495"}],"version-history":[{"count":9,"href":"https:\/\/kingofdjembe.com\/pb\/wp-json\/wp\/v2\/pages\/495\/revisions"}],"predecessor-version":[{"id":2099,"href":"https:\/\/kingofdjembe.com\/pb\/wp-json\/wp\/v2\/pages\/495\/revisions\/2099"}],"wp:featuredmedia":[{"embeddable":true,"href":"https:\/\/kingofdjembe.com\/pb\/wp-json\/wp\/v2\/media\/1842"}],"wp:attachment":[{"href":"https:\/\/kingofdjembe.com\/pb\/wp-json\/wp\/v2\/media?parent=495"}],"curies":[{"name":"wp","href":"https:\/\/api.w.org\/{rel}","templated":true}]}}